{"id":650,"date":"2020-08-21T13:51:22","date_gmt":"2020-08-21T17:51:22","guid":{"rendered":"https:\/\/danielvoyer.com\/?page_id=650"},"modified":"2020-08-21T15:46:34","modified_gmt":"2020-08-21T19:46:34","slug":"referez-moi","status":"publish","type":"page","link":"https:\/\/danielvoyer.com\/en\/me-contacter\/referez-moi\/","title":{"rendered":"(Fran\u00e7ais) R\u00e9f\u00e9rez-moi!"},"content":{"rendered":"<p class=\"qtranxs-available-languages-message qtranxs-available-languages-message-en\">Sorry, this entry is only available in <a href=\"https:\/\/danielvoyer.com\/fr\/wp-json\/wp\/v2\/pages\/650\" class=\"qtranxs-available-language-link qtranxs-available-language-link-fr\" title=\"Fran\u00e7ais\">Fran\u00e7ais<\/a>.<\/p>","protected":false},"excerpt":{"rendered":"<p>Sorry, this entry is only available in Fran\u00e7ais.<\/p>\n","protected":false},"author":121,"featured_media":0,"parent":34,"menu_order":0,"comment_status":"closed","ping_status":"closed","template":"page-fullwidth.php","meta":{"_acf_changed":false,"footnotes":""},"class_list":["post-650","page","type-page","status-publish","hentry"],"acf":[],"yoast_head":"<!-- This site is optimized with the Yoast SEO plugin v26.7 - https:\/\/yoast.com\/wordpress\/plugins\/seo\/ -->\n<title>(Fran\u00e7ais) R\u00e9f\u00e9rez-moi! - Daniel Voyer - Proprio Direct<\/title>\n<meta name=\"robots\" content=\"index, follow, max-snippet:-1, max-image-preview:large, max-video-preview:-1\" \/>\n<link rel=\"canonical\" href=\"https:\/\/danielvoyer.com\/en\/me-contacter\/referez-moi\/\" \/>\n<meta property=\"og:locale\" content=\"en_US\" \/>\n<meta property=\"og:type\" content=\"article\" \/>\n<meta property=\"og:title\" content=\"(Fran\u00e7ais) R\u00e9f\u00e9rez-moi! - Daniel Voyer - Proprio Direct\" \/>\n<meta property=\"og:description\" content=\"Sorry, this entry is only available in Fran\u00e7ais.\" \/>\n<meta property=\"og:url\" content=\"https:\/\/danielvoyer.com\/en\/me-contacter\/referez-moi\/\" \/>\n<meta property=\"og:site_name\" content=\"Daniel Voyer - Proprio Direct\" \/>\n<meta property=\"article:publisher\" content=\"https:\/\/www.facebook.com\/DanielVoyerCourtierImmobilier\/\" \/>\n<meta property=\"article:modified_time\" content=\"2020-08-21T19:46:34+00:00\" \/>\n<meta name=\"twitter:card\" content=\"summary_large_image\" \/>\n<meta name=\"twitter:site\" content=\"@voyer_daniel\" \/>\n<script type=\"application\/ld+json\" class=\"yoast-schema-graph\">{\"@context\":\"https:\/\/schema.org\",\"@graph\":[{\"@type\":\"WebPage\",\"@id\":\"https:\/\/danielvoyer.com\/en\/me-contacter\/referez-moi\/\",\"url\":\"https:\/\/danielvoyer.com\/en\/me-contacter\/referez-moi\/\",\"name\":\"[:fr]R\u00e9f\u00e9rez-moi![:] - Daniel Voyer - Proprio Direct\",\"isPartOf\":{\"@id\":\"https:\/\/danielvoyer.com\/#website\"},\"datePublished\":\"2020-08-21T17:51:22+00:00\",\"dateModified\":\"2020-08-21T19:46:34+00:00\",\"breadcrumb\":{\"@id\":\"https:\/\/danielvoyer.com\/en\/me-contacter\/referez-moi\/#breadcrumb\"},\"inLanguage\":\"en-US\",\"potentialAction\":[{\"@type\":\"ReadAction\",\"target\":[\"https:\/\/danielvoyer.com\/en\/me-contacter\/referez-moi\/\"]}]},{\"@type\":\"BreadcrumbList\",\"@id\":\"https:\/\/danielvoyer.com\/en\/me-contacter\/referez-moi\/#breadcrumb\",\"itemListElement\":[{\"@type\":\"ListItem\",\"position\":1,\"name\":\"Accueil\",\"item\":\"https:\/\/danielvoyer.com\/\"},{\"@type\":\"ListItem\",\"position\":2,\"name\":\"Contact me\",\"item\":\"http:\/\/danielvoyer.com\/en\/me-contacter\/\"},{\"@type\":\"ListItem\",\"position\":3,\"name\":\"(Fran\u00e7ais) R\u00e9f\u00e9rez-moi!\"}]},{\"@type\":\"WebSite\",\"@id\":\"https:\/\/danielvoyer.com\/#website\",\"url\":\"https:\/\/danielvoyer.com\/\",\"name\":\"Daniel Voyer - Proprio Direct\",\"description\":\"Real Estate Broker\",\"potentialAction\":[{\"@type\":\"SearchAction\",\"target\":{\"@type\":\"EntryPoint\",\"urlTemplate\":\"https:\/\/danielvoyer.com\/?s={search_term_string}\"},\"query-input\":{\"@type\":\"PropertyValueSpecification\",\"valueRequired\":true,\"valueName\":\"search_term_string\"}}],\"inLanguage\":\"en-US\"}]}<\/script>\n<!-- \/ Yoast SEO plugin. -->","yoast_head_json":{"title":"(Fran\u00e7ais) R\u00e9f\u00e9rez-moi! - Daniel Voyer - Proprio Direct","robots":{"index":"index","follow":"follow","max-snippet":"max-snippet:-1","max-image-preview":"max-image-preview:large","max-video-preview":"max-video-preview:-1"},"canonical":"https:\/\/danielvoyer.com\/en\/me-contacter\/referez-moi\/","og_locale":"en_US","og_type":"article","og_title":"(Fran\u00e7ais) R\u00e9f\u00e9rez-moi! - Daniel Voyer - Proprio Direct","og_description":"Sorry, this entry is only available in Fran\u00e7ais.","og_url":"https:\/\/danielvoyer.com\/en\/me-contacter\/referez-moi\/","og_site_name":"Daniel Voyer - Proprio Direct","article_publisher":"https:\/\/www.facebook.com\/DanielVoyerCourtierImmobilier\/","article_modified_time":"2020-08-21T19:46:34+00:00","twitter_card":"summary_large_image","twitter_site":"@voyer_daniel","schema":{"@context":"https:\/\/schema.org","@graph":[{"@type":"WebPage","@id":"https:\/\/danielvoyer.com\/en\/me-contacter\/referez-moi\/","url":"https:\/\/danielvoyer.com\/en\/me-contacter\/referez-moi\/","name":"[:fr]R\u00e9f\u00e9rez-moi![:] - Daniel Voyer - Proprio Direct","isPartOf":{"@id":"https:\/\/danielvoyer.com\/#website"},"datePublished":"2020-08-21T17:51:22+00:00","dateModified":"2020-08-21T19:46:34+00:00","breadcrumb":{"@id":"https:\/\/danielvoyer.com\/en\/me-contacter\/referez-moi\/#breadcrumb"},"inLanguage":"en-US","potentialAction":[{"@type":"ReadAction","target":["https:\/\/danielvoyer.com\/en\/me-contacter\/referez-moi\/"]}]},{"@type":"BreadcrumbList","@id":"https:\/\/danielvoyer.com\/en\/me-contacter\/referez-moi\/#breadcrumb","itemListElement":[{"@type":"ListItem","position":1,"name":"Accueil","item":"https:\/\/danielvoyer.com\/"},{"@type":"ListItem","position":2,"name":"Contact me","item":"http:\/\/danielvoyer.com\/en\/me-contacter\/"},{"@type":"ListItem","position":3,"name":"(Fran\u00e7ais) R\u00e9f\u00e9rez-moi!"}]},{"@type":"WebSite","@id":"https:\/\/danielvoyer.com\/#website","url":"https:\/\/danielvoyer.com\/","name":"Daniel Voyer - Proprio Direct","description":"Real Estate Broker","potentialAction":[{"@type":"SearchAction","target":{"@type":"EntryPoint","urlTemplate":"https:\/\/danielvoyer.com\/?s={search_term_string}"},"query-input":{"@type":"PropertyValueSpecification","valueRequired":true,"valueName":"search_term_string"}}],"inLanguage":"en-US"}]}},"_links":{"self":[{"href":"https:\/\/danielvoyer.com\/en\/wp-json\/wp\/v2\/pages\/650","targetHints":{"allow":["GET"]}}],"collection":[{"href":"https:\/\/danielvoyer.com\/en\/wp-json\/wp\/v2\/pages"}],"about":[{"href":"https:\/\/danielvoyer.com\/en\/wp-json\/wp\/v2\/types\/page"}],"author":[{"embeddable":true,"href":"https:\/\/danielvoyer.com\/en\/wp-json\/wp\/v2\/users\/121"}],"replies":[{"embeddable":true,"href":"https:\/\/danielvoyer.com\/en\/wp-json\/wp\/v2\/comments?post=650"}],"version-history":[{"count":2,"href":"https:\/\/danielvoyer.com\/en\/wp-json\/wp\/v2\/pages\/650\/revisions"}],"predecessor-version":[{"id":652,"href":"https:\/\/danielvoyer.com\/en\/wp-json\/wp\/v2\/pages\/650\/revisions\/652"}],"up":[{"embeddable":true,"href":"https:\/\/danielvoyer.com\/en\/wp-json\/wp\/v2\/pages\/34"}],"wp:attachment":[{"href":"https:\/\/danielvoyer.com\/en\/wp-json\/wp\/v2\/media?parent=650"}],"curies":[{"name":"wp","href":"https:\/\/api.w.org\/{rel}","templated":true}]}}