{"id":100,"date":"2012-05-11T18:57:19","date_gmt":"2012-05-11T22:57:19","guid":{"rendered":"http:\/\/public.mediasimple.ca\/remax_papachristou\/?page_id=100"},"modified":"2022-01-05T16:54:20","modified_gmt":"2022-01-05T21:54:20","slug":"11-depenses-a-prevoir","status":"publish","type":"page","link":"https:\/\/danielvoyer.com\/en\/acheter-2\/11-depenses-a-prevoir\/","title":{"rendered":"11 Expenses to Expect"},"content":{"rendered":"<p>Buying a home is a very complex process. In addition to considering commercial, financial and legal aspects, it also requires solid negotiation skills. Why not hand this task over to a professional? A real estate broker who is a member of a real estate board can successfully navigate you through the entire process.<\/p>\n<p><strong>Recognized Expertise<\/strong><br \/>\nReal estate brokers have followed extensive training and hold a certificate from the\u00a0<a href=\"http:\/\/www.oaciq.com\/?uc=0\" target=\"_blank\" rel=\"noopener noreferrer\">Organisme d&#8217;autor\u00e9glementation du courtage immobilier du Qu\u00e9bec<\/a>\u00a0(OACIQ). Skilled negotiators, they have access to many tools and expert references: from building inspectors and notaries, to financial institutions and mortgage brokers, real estate brokers serve as a one-stop resource! Their presence also provides you with legal protection, as stated in the Real Estate Brokerage Act.<\/p>\n<p><strong>A Solid Team Effort<\/strong><br \/>\nWhen looking to buy a home, a real estate broker can target those properties that best suit your needs and budget thanks to privileged access to the MLS<sup>\u00ae<\/sup>\u00a0system. They can accompany you during visits in order to objectively analyze the different characteristics of each property. They are also there to represent you when it comes time to negotiate, a phase during which the help of an accomplished professional is very much appreciated. In short, a broker will guide you through all of the steps involved in purchasing your home, right up to your visit with the notary!<\/p>\n<p>SOURCE : <a title=\"http:\/\/www.centris.ca\" href=\"http:\/\/www.centris.ca\" target=\"_blank\" rel=\"noopener noreferrer\">CENTRIS.CA<\/a><\/p>","protected":false},"excerpt":{"rendered":"<p>Buying a home is a very complex process. In addition to considering commercial, financial and legal aspects, it also requires solid negotiation skills. Why not hand this task over to a professional? A real estate broker who is a member of a real estate board can successfully navigate you through the entire process. Recognized Expertise [&hellip;]<\/p>\n","protected":false},"author":1,"featured_media":0,"parent":7,"menu_order":0,"comment_status":"open","ping_status":"closed","template":"","meta":{"_acf_changed":false,"footnotes":""},"class_list":["post-100","page","type-page","status-publish","hentry"],"acf":[],"yoast_head":"<!-- This site is optimized with the Yoast SEO plugin v26.7 - https:\/\/yoast.com\/wordpress\/plugins\/seo\/ -->\n<title>11 d\u00e9penses \u00e0 pr\u00e9voir11 Expenses to Expect - Daniel Voyer - Proprio Direct<\/title>\n<meta name=\"robots\" content=\"index, follow, max-snippet:-1, max-image-preview:large, max-video-preview:-1\" \/>\n<link rel=\"canonical\" href=\"https:\/\/danielvoyer.com\/acheter-2\/11-depenses-a-prevoir\/\" \/>\n<meta property=\"og:locale\" content=\"en_US\" \/>\n<meta property=\"og:type\" content=\"article\" \/>\n<meta property=\"og:title\" content=\"11 d\u00e9penses \u00e0 pr\u00e9voir11 Expenses to Expect - Daniel Voyer - Proprio Direct\" \/>\n<meta property=\"og:description\" content=\"Buying a home is a very complex process. In addition to considering commercial, financial and legal aspects, it also requires solid negotiation skills. Why not hand this task over to a professional? A real estate broker who is a member of a real estate board can successfully navigate you through the entire process. Recognized Expertise [&hellip;]\" \/>\n<meta property=\"og:url\" content=\"https:\/\/danielvoyer.com\/acheter-2\/11-depenses-a-prevoir\/\" \/>\n<meta property=\"og:site_name\" content=\"Daniel Voyer - Proprio Direct\" \/>\n<meta property=\"article:publisher\" content=\"https:\/\/www.facebook.com\/DanielVoyerCourtierImmobilier\/\" \/>\n<meta property=\"article:modified_time\" content=\"2022-01-05T21:54:20+00:00\" \/>\n<meta name=\"twitter:card\" content=\"summary_large_image\" \/>\n<meta name=\"twitter:site\" content=\"@voyer_daniel\" \/>\n<meta name=\"twitter:label1\" content=\"Est. reading time\" \/>\n\t<meta name=\"twitter:data1\" content=\"2 minutes\" \/>\n<script type=\"application\/ld+json\" class=\"yoast-schema-graph\">{\"@context\":\"https:\/\/schema.org\",\"@graph\":[{\"@type\":\"WebPage\",\"@id\":\"https:\/\/danielvoyer.com\/acheter-2\/11-depenses-a-prevoir\/\",\"url\":\"https:\/\/danielvoyer.com\/acheter-2\/11-depenses-a-prevoir\/\",\"name\":\"11 d\u00e9penses \u00e0 pr\u00e9voir11 Expenses to Expect - Daniel Voyer - Proprio Direct\",\"isPartOf\":{\"@id\":\"https:\/\/danielvoyer.com\/#website\"},\"datePublished\":\"2012-05-11T22:57:19+00:00\",\"dateModified\":\"2022-01-05T21:54:20+00:00\",\"breadcrumb\":{\"@id\":\"https:\/\/danielvoyer.com\/acheter-2\/11-depenses-a-prevoir\/#breadcrumb\"},\"inLanguage\":\"en-US\",\"potentialAction\":[{\"@type\":\"ReadAction\",\"target\":[\"https:\/\/danielvoyer.com\/acheter-2\/11-depenses-a-prevoir\/\"]}]},{\"@type\":\"BreadcrumbList\",\"@id\":\"https:\/\/danielvoyer.com\/acheter-2\/11-depenses-a-prevoir\/#breadcrumb\",\"itemListElement\":[{\"@type\":\"ListItem\",\"position\":1,\"name\":\"Accueil\",\"item\":\"https:\/\/danielvoyer.com\/\"},{\"@type\":\"ListItem\",\"position\":2,\"name\":\"Acheter\",\"item\":\"https:\/\/danielvoyer.com\/acheter-2\/\"},{\"@type\":\"ListItem\",\"position\":3,\"name\":\"11 d\u00e9penses \u00e0 pr\u00e9voir\"}]},{\"@type\":\"WebSite\",\"@id\":\"https:\/\/danielvoyer.com\/#website\",\"url\":\"https:\/\/danielvoyer.com\/\",\"name\":\"Daniel Voyer - Proprio Direct\",\"description\":\"Real Estate Broker\",\"potentialAction\":[{\"@type\":\"SearchAction\",\"target\":{\"@type\":\"EntryPoint\",\"urlTemplate\":\"https:\/\/danielvoyer.com\/?s={search_term_string}\"},\"query-input\":{\"@type\":\"PropertyValueSpecification\",\"valueRequired\":true,\"valueName\":\"search_term_string\"}}],\"inLanguage\":\"en-US\"}]}<\/script>\n<!-- \/ Yoast SEO plugin. -->","yoast_head_json":{"title":"11 d\u00e9penses \u00e0 pr\u00e9voir11 Expenses to Expect - Daniel Voyer - Proprio Direct","robots":{"index":"index","follow":"follow","max-snippet":"max-snippet:-1","max-image-preview":"max-image-preview:large","max-video-preview":"max-video-preview:-1"},"canonical":"https:\/\/danielvoyer.com\/acheter-2\/11-depenses-a-prevoir\/","og_locale":"en_US","og_type":"article","og_title":"11 d\u00e9penses \u00e0 pr\u00e9voir11 Expenses to Expect - Daniel Voyer - Proprio Direct","og_description":"Buying a home is a very complex process. In addition to considering commercial, financial and legal aspects, it also requires solid negotiation skills. Why not hand this task over to a professional? A real estate broker who is a member of a real estate board can successfully navigate you through the entire process. Recognized Expertise [&hellip;]","og_url":"https:\/\/danielvoyer.com\/acheter-2\/11-depenses-a-prevoir\/","og_site_name":"Daniel Voyer - Proprio Direct","article_publisher":"https:\/\/www.facebook.com\/DanielVoyerCourtierImmobilier\/","article_modified_time":"2022-01-05T21:54:20+00:00","twitter_card":"summary_large_image","twitter_site":"@voyer_daniel","twitter_misc":{"Est. reading time":"2 minutes"},"schema":{"@context":"https:\/\/schema.org","@graph":[{"@type":"WebPage","@id":"https:\/\/danielvoyer.com\/acheter-2\/11-depenses-a-prevoir\/","url":"https:\/\/danielvoyer.com\/acheter-2\/11-depenses-a-prevoir\/","name":"11 d\u00e9penses \u00e0 pr\u00e9voir11 Expenses to Expect - Daniel Voyer - Proprio Direct","isPartOf":{"@id":"https:\/\/danielvoyer.com\/#website"},"datePublished":"2012-05-11T22:57:19+00:00","dateModified":"2022-01-05T21:54:20+00:00","breadcrumb":{"@id":"https:\/\/danielvoyer.com\/acheter-2\/11-depenses-a-prevoir\/#breadcrumb"},"inLanguage":"en-US","potentialAction":[{"@type":"ReadAction","target":["https:\/\/danielvoyer.com\/acheter-2\/11-depenses-a-prevoir\/"]}]},{"@type":"BreadcrumbList","@id":"https:\/\/danielvoyer.com\/acheter-2\/11-depenses-a-prevoir\/#breadcrumb","itemListElement":[{"@type":"ListItem","position":1,"name":"Accueil","item":"https:\/\/danielvoyer.com\/"},{"@type":"ListItem","position":2,"name":"Acheter","item":"https:\/\/danielvoyer.com\/acheter-2\/"},{"@type":"ListItem","position":3,"name":"11 d\u00e9penses \u00e0 pr\u00e9voir"}]},{"@type":"WebSite","@id":"https:\/\/danielvoyer.com\/#website","url":"https:\/\/danielvoyer.com\/","name":"Daniel Voyer - Proprio Direct","description":"Real Estate Broker","potentialAction":[{"@type":"SearchAction","target":{"@type":"EntryPoint","urlTemplate":"https:\/\/danielvoyer.com\/?s={search_term_string}"},"query-input":{"@type":"PropertyValueSpecification","valueRequired":true,"valueName":"search_term_string"}}],"inLanguage":"en-US"}]}},"_links":{"self":[{"href":"https:\/\/danielvoyer.com\/en\/wp-json\/wp\/v2\/pages\/100","targetHints":{"allow":["GET"]}}],"collection":[{"href":"https:\/\/danielvoyer.com\/en\/wp-json\/wp\/v2\/pages"}],"about":[{"href":"https:\/\/danielvoyer.com\/en\/wp-json\/wp\/v2\/types\/page"}],"author":[{"embeddable":true,"href":"https:\/\/danielvoyer.com\/en\/wp-json\/wp\/v2\/users\/1"}],"replies":[{"embeddable":true,"href":"https:\/\/danielvoyer.com\/en\/wp-json\/wp\/v2\/comments?post=100"}],"version-history":[{"count":3,"href":"https:\/\/danielvoyer.com\/en\/wp-json\/wp\/v2\/pages\/100\/revisions"}],"predecessor-version":[{"id":1527,"href":"https:\/\/danielvoyer.com\/en\/wp-json\/wp\/v2\/pages\/100\/revisions\/1527"}],"up":[{"embeddable":true,"href":"https:\/\/danielvoyer.com\/en\/wp-json\/wp\/v2\/pages\/7"}],"wp:attachment":[{"href":"https:\/\/danielvoyer.com\/en\/wp-json\/wp\/v2\/media?parent=100"}],"curies":[{"name":"wp","href":"https:\/\/api.w.org\/{rel}","templated":true}]}}